{"id":1469,"date":"2019-12-10T13:59:29","date_gmt":"2019-12-10T12:59:29","guid":{"rendered":"https:\/\/hausteinconsulting.com\/impressum\/"},"modified":"2020-01-27T10:24:46","modified_gmt":"2020-01-27T09:24:46","slug":"impressum","status":"publish","type":"page","link":"https:\/\/hausteinconsulting.com\/en\/impressum\/","title":{"rendered":"Imprint"},"content":{"rendered":"<p>[et_pb_section fb_built=&#8221;1&#8243; _builder_version=&#8221;4.0.4&#8243;][et_pb_row _builder_version=&#8221;3.25&#8243;][et_pb_column type=&#8221;4_4&#8243; _builder_version=&#8221;3.25&#8243; custom_padding=&#8221;|||&#8221; custom_padding__hover=&#8221;|||&#8221;][et_pb_text _builder_version=&#8221;4.0.4&#8243; text_font=&#8221;Open Sans 800|700||on|||||&#8221; text_text_color=&#8221;#a2aab2&#8243; text_font_size=&#8221;15px&#8221; text_letter_spacing=&#8221;2px&#8221; text_line_height=&#8221;1.6em&#8221; link_font=&#8221;|600|||||||&#8221; ul_font=&#8221;|600|||||||&#8221; ol_font=&#8221;|600|||||||&#8221; quote_font=&#8221;|600|||||||&#8221; header_font=&#8221;Open Sans 800|700||on|||||&#8221; header_text_color=&#8221;#a2aab2&#8243; header_font_size=&#8221;15px&#8221; header_letter_spacing=&#8221;2px&#8221; header_line_height=&#8221;1.6em&#8221; header_2_font=&#8221;Open Sans 800|700||on|||||&#8221; header_2_text_color=&#8221;#a2aab2&#8243; header_2_font_size=&#8221;15px&#8221; header_2_letter_spacing=&#8221;2px&#8221; header_2_line_height=&#8221;1.6em&#8221; header_3_font=&#8221;Open Sans 800|700||on|||||&#8221; header_3_font_size=&#8221;15px&#8221; header_3_letter_spacing=&#8221;2px&#8221; header_3_line_height=&#8221;1.6em&#8221; header_4_font=&#8221;|700||on|||||&#8221; header_4_text_color=&#8221;#a2aab2&#8243; header_4_font_size=&#8221;15px&#8221; header_4_letter_spacing=&#8221;2px&#8221; header_4_line_height=&#8221;1.6em&#8221; header_5_font=&#8221;|600|||||||&#8221; header_6_font=&#8221;|600|||||||&#8221; max_width=&#8221;600px&#8221; max_width_tablet=&#8221;700px&#8221; max_width_phone=&#8221;700px&#8221; max_width_last_edited=&#8221;off|desktop&#8221; custom_margin=&#8221;|||&#8221; custom_margin_tablet=&#8221;|0px||&#8221; custom_margin_phone=&#8221;|0px||&#8221; custom_margin_last_edited=&#8221;off|desktop&#8221; header_2_font_size_tablet=&#8221;30px&#8221; header_2_font_size_last_edited=&#8221;off|desktop&#8221; border_color_all=&#8221;#0d7fdb&#8221; saved_tabs=&#8221;all&#8221; locked=&#8221;off&#8221;]<\/p>\n<p>Impressum<\/p>\n<p>[\/et_pb_text][et_pb_text disabled_on=&#8221;off|off|off&#8221; _builder_version=&#8221;4.0.4&#8243; text_font=&#8221;Open Sans 800|800|||||||&#8221; text_font_size=&#8221;22px&#8221; text_line_height=&#8221;1.2em&#8221; link_font=&#8221;|600|||||||&#8221; ul_font=&#8221;|600|||||||&#8221; ol_font=&#8221;|600|||||||&#8221; quote_font=&#8221;|600|||||||&#8221; header_font=&#8221;|600|||||||&#8221; header_2_font=&#8221;Open Sans 800|800|||||||&#8221; header_2_font_size=&#8221;22px&#8221; header_2_line_height=&#8221;1.2em&#8221; header_3_font=&#8221;|600|||||||&#8221; header_4_font=&#8221;|600|||||||&#8221; header_5_font=&#8221;|600|||||||&#8221; header_6_font=&#8221;|600|||||||&#8221; max_width=&#8221;520px&#8221; max_width_tablet=&#8221;700px&#8221; max_width_phone=&#8221;700px&#8221; max_width_last_edited=&#8221;off|desktop&#8221; custom_margin=&#8221;|||&#8221; custom_margin_tablet=&#8221;|0px||&#8221; custom_margin_phone=&#8221;|0px||&#8221; custom_margin_last_edited=&#8221;off|desktop&#8221; custom_padding=&#8221;20px|||&#8221; text_font_size_tablet=&#8221;&#8221; text_font_size_phone=&#8221;&#8221; text_font_size_last_edited=&#8221;on|desktop&#8221; header_2_font_size_tablet=&#8221;22px&#8221; header_2_font_size_phone=&#8221;20px&#8221; header_2_font_size_last_edited=&#8221;on|phone&#8221; border_color_all=&#8221;#0D7FDB&#8221; border_width_top=&#8221;2px&#8221; saved_tabs=&#8221;all&#8221; locked=&#8221;off&#8221;]<\/p>\n<h2>Impressum der hausteinconsulting GmbH<\/h2>\n<p>[\/et_pb_text][\/et_pb_column][\/et_pb_row][et_pb_row admin_label=&#8221;Zeile&#8221; _builder_version=&#8221;4.0.4&#8243;][et_pb_column type=&#8221;4_4&#8243; _builder_version=&#8221;3.25&#8243; custom_padding=&#8221;|||&#8221; custom_padding__hover=&#8221;|||&#8221;][et_pb_text ul_item_indent=&#8221;25px&#8221; _builder_version=&#8221;4.0.11&#8243;]<\/p>\n<p><strong>Angaben ge\u00adm\u00e4\u00df \u00a7 5 TMG:<\/strong><br \/>hausteinconsulting GmbH<br \/>International Business Development<br \/>Herderstra\u00dfe 26<br \/>99096 Erfurt<\/p>\n<p><strong>Vertreten durch:<\/strong><br \/>Dipl.-Kfm. Andreas Haustein<br \/>Gesch\u00e4ftsf\u00fchrender Gesellschafter<\/p>\n<p><strong>Kontakt:<\/strong><br \/>Telefon: <u><a title=\"hausteinconsulting GmbH anrufen\" href=\"tel:+4936165738542\">+49 361 657 38 542<\/a><\/u><br \/>Mobiltelefon: <u><a title=\"hausteinconsulting GmbH anrufen\" href=\"tel:+491743225390\">+49 174 322 53 90<\/a><\/u><br \/>E-Mail: <u><a title=\"E-Mail an hausteinconsulting GmbH\" href=\"mailto:ceo@hausteinconsulting.com\">ceo[at]hausteinconsulting.com<\/a><\/u><\/p>\n<p><strong>Registereintrag:<\/strong><br \/>Sitz der Gesellschaft: Erfurt<br \/>Amtsgericht Jena, Registergericht, HRB 506716<br \/>Identifikationsnummer ge\u00adm\u00e4\u00df \u00a727 a Umsatzsteuergesetz: DE294568613<\/p>\n<p><strong>Haftung f\u00fcr Inhalte<\/strong><br \/>Als Dienstanbieter sind wir ge\u00adm\u00e4\u00df \u00a7 7 Abs.1 TMG f\u00fcr ei\u00adge\u00adne Inhalte auf die\u00adsen Seiten nach den\u00a0all\u00adge\u00admei\u00adnen Gesetzen ver\u00adant\u00adwort\u00adlich. Nach \u00a7\u00a7 8 bis 10 TMG sind wir als Dienstanbieter je\u00addoch nicht\u00a0ver\u00adpflich\u00adtet, \u00fcber\u00admit\u00adtel\u00adte oder ge\u00adspei\u00adcher\u00adte frem\u00adde Informationen zu \u00fcber\u00adwa\u00adchen oder nach Umst\u00e4nden\u00a0zu for\u00adschen, die auf ei\u00adne rechts\u00adwid\u00adri\u00adge T\u00e4tigkeit hin\u00adwei\u00adsen.\u00a0Verpflichtungen zur Entfernung oder Sperrung der Nutzung von Informationen nach den all\u00adge\u00admei\u00adnen\u00a0Gesetzen blei\u00adben hier\u00advon un\u00adbe\u00adr\u00fchrt. Eine dies\u00adbe\u00adz\u00fcg\u00adli\u00adche Haftung ist je\u00addoch erst ab dem Zeitpunkt der\u00a0Kenntnis ei\u00adner kon\u00adkre\u00adten Rechtsverletzung m\u00f6g\u00adlich. Bei Bekanntwerden von ent\u00adspre\u00adchen\u00adden\u00a0Rechtsverletzungen wer\u00adden wir die\u00adse Inhalte um\u00adge\u00adhend ent\u00adfer\u00adnen.<\/p>\n<p><strong>Haftung f\u00fcr Links<\/strong><br \/>Unser Angebot ent\u00adh\u00e4lt Links zu ex\u00adter\u00adnen Webseiten Dritter, auf de\u00adren Inhalte wir kei\u00adnen Einfluss ha\u00adben.\u00a0Deshalb k\u00f6n\u00adnen wir f\u00fcr die\u00adse frem\u00adden Inhalte auch kei\u00adne Gew\u00e4hr \u00fcber\u00adneh\u00admen. F\u00fcr die Inhalte der\u00a0ver\u00adlink\u00adten Seiten ist stets der je\u00adwei\u00adli\u00adge Anbieter oder Betreiber der Seiten ver\u00adant\u00adwort\u00adlich. Die ver\u00adlink\u00adten\u00a0Seiten wur\u00adden zum Zeitpunkt der Verlinkung auf m\u00f6g\u00adli\u00adche Rechtsverst\u00f6\u00dfe \u00fcber\u00adpr\u00fcft. Rechtswidrige\u00a0Inhalte wa\u00adren zum Zeitpunkt der Verlinkung nicht er\u00adkenn\u00adbar.\u00a0Eine per\u00adma\u00adnen\u00adte in\u00adhalt\u00adli\u00adche Kontrolle der ver\u00adlink\u00adten Seiten ist je\u00addoch oh\u00adne kon\u00adkre\u00adte Anhaltspunkte ei\u00adner\u00a0Rechtsverletzung nicht zu\u00admut\u00adbar. Bei Bekanntwerden von Rechtsverletzungen wer\u00adden wir der\u00adar\u00adti\u00adge Links\u00a0um\u00adge\u00adhend ent\u00adfer\u00adnen.<\/p>\n<p><strong>Urheberrecht<\/strong><br \/>Die durch die Seitenbetreiber er\u00adstell\u00adten Inhalte und Werke auf die\u00adsen Seiten un\u00adter\u00adlie\u00adgen dem deut\u00adschen\u00a0Urheberrecht. Die Vervielf\u00e4ltigung, Bearbeitung, Verbreitung und je\u00adde Art der Verwertung au\u00ad\u00dfer\u00adhalb der\u00a0Grenzen des Urheberrechtes be\u00add\u00fcr\u00adfen der schrift\u00adli\u00adchen Zustimmung des je\u00adwei\u00adli\u00adgen Autors bzw.\u00a0Erstellers. Downloads und Kopien die\u00adser Seite sind nur f\u00fcr den pri\u00adva\u00adten, nicht kom\u00admer\u00adzi\u00adel\u00adlen Gebrauch\u00a0ge\u00adstat\u00adtet.\u00a0Soweit die Inhalte auf die\u00adser Seite nicht vom Betreiber er\u00adstellt wur\u00adden, wer\u00adden die Urheberrechte Dritter\u00a0be\u00adach\u00adtet. Insbesondere wer\u00adden Inhalte Dritter als sol\u00adche ge\u00adkenn\u00adzeich\u00adnet. Sollten Sie trotz\u00addem auf ei\u00adne\u00a0Urheberrechtsverletzung auf\u00admerk\u00adsam wer\u00adden, bit\u00adten wir um ei\u00adnen ent\u00adspre\u00adchen\u00adden Hinweis. Bei\u00a0Bekanntwerden von Rechtsverletzungen wer\u00adden wir der\u00adar\u00adti\u00adge Inhalte um\u00adge\u00adhend ent\u00adfer\u00adnen.<\/p>\n<p><strong>Bildnachweise<\/strong><\/p>\n<ul>\n<li>\u00a9 123124889 (mikolajn) \u2013 <a href=\"https:\/\/stock.adobe.com\/\" target=\"_blank\" rel=\"noopener\">Adobe Stock<\/a><\/li>\n<li>\u00a9 52402403 (everythingpossible) \u2013 <a href=\"https:\/\/stock.adobe.com\/\" target=\"_blank\" rel=\"noopener\">Adobe Stock<\/a><\/li>\n<li>\u00a9 277572953 (Ngampol) \u2013 <a href=\"https:\/\/stock.adobe.com\/\" target=\"_blank\" rel=\"noopener\">Adobe Stock<\/a><\/li>\n<li>\u00a9 276716043\u00a0(sebra) \u2013 <a href=\"https:\/\/stock.adobe.com\/\" target=\"_blank\" rel=\"noopener\">Adobe Stock<\/a><\/li>\n<li>\u00a9 274816320 (eggeeggjiew) \u2013 <a href=\"https:\/\/stock.adobe.com\/\" target=\"_blank\" rel=\"noopener\">Adobe Stock<\/a><\/li>\n<li>\u00a9 268786932 (ipopba) \u2013 <a href=\"https:\/\/stock.adobe.com\/\" target=\"_blank\" rel=\"noopener\">Adobe Stock<\/a><\/li>\n<\/ul>\n<p>[\/et_pb_text][\/et_pb_column][\/et_pb_row][\/et_pb_section]<\/p>\n","protected":false},"excerpt":{"rendered":"<p>ImpressumImpressum der hausteinconsulting GmbHAngaben ge\u00adm\u00e4\u00df \u00a7 5 TMG:hausteinconsulting GmbHInternational Business DevelopmentHerderstra\u00dfe 2699096 Erfurt Vertreten durch:Dipl.-Kfm. Andreas HausteinGesch\u00e4ftsf\u00fchrender Gesellschafter Kontakt:Telefon: +49 361 657 38 542Mobiltelefon: +49 174 322 53 90E-Mail: ceo[at]hausteinconsulting.com Registereintrag:Sitz der Gesellschaft: ErfurtAmtsgericht Jena, Registergericht, HRB 506716Identifikationsnummer ge\u00adm\u00e4\u00df \u00a727 a Umsatzsteuergesetz: DE294568613 Haftung f\u00fcr InhalteAls Dienstanbieter sind wir ge\u00adm\u00e4\u00df \u00a7 7 Abs.1 TMG f\u00fcr [&hellip;]<\/p>\n","protected":false},"author":4,"featured_media":0,"parent":0,"menu_order":90,"comment_status":"closed","ping_status":"closed","template":"","meta":{"_et_pb_use_builder":"on","_et_pb_old_content":"","_et_gb_content_width":"","footnotes":""},"class_list":["post-1469","page","type-page","status-publish","hentry"],"_links":{"self":[{"href":"https:\/\/hausteinconsulting.com\/en\/wp-json\/wp\/v2\/pages\/1469","targetHints":{"allow":["GET"]}}],"collection":[{"href":"https:\/\/hausteinconsulting.com\/en\/wp-json\/wp\/v2\/pages"}],"about":[{"href":"https:\/\/hausteinconsulting.com\/en\/wp-json\/wp\/v2\/types\/page"}],"author":[{"embeddable":true,"href":"https:\/\/hausteinconsulting.com\/en\/wp-json\/wp\/v2\/users\/4"}],"replies":[{"embeddable":true,"href":"https:\/\/hausteinconsulting.com\/en\/wp-json\/wp\/v2\/comments?post=1469"}],"version-history":[{"count":7,"href":"https:\/\/hausteinconsulting.com\/en\/wp-json\/wp\/v2\/pages\/1469\/revisions"}],"predecessor-version":[{"id":2068,"href":"https:\/\/hausteinconsulting.com\/en\/wp-json\/wp\/v2\/pages\/1469\/revisions\/2068"}],"wp:attachment":[{"href":"https:\/\/hausteinconsulting.com\/en\/wp-json\/wp\/v2\/media?parent=1469"}],"curies":[{"name":"wp","href":"https:\/\/api.w.org\/{rel}","templated":true}]}}